{"id":5175,"date":"2024-03-23T21:42:33","date_gmt":"2024-03-23T18:42:33","guid":{"rendered":"https:\/\/momentumakademi.net\/?page_id=5175"},"modified":"2024-05-07T16:05:27","modified_gmt":"2024-05-07T13:05:27","slug":"kvkk-aydinlatma-metni","status":"publish","type":"page","link":"https:\/\/momentumakademi.net\/?page_id=5175","title":{"rendered":"KVKK Ayd\u0131nlatma Metni"},"content":{"rendered":"\t\t<div data-elementor-type=\"wp-page\" data-elementor-id=\"5175\" class=\"elementor elementor-5175\" data-elementor-post-type=\"page\">\n\t\t\t\t\t\t<section class=\"elementor-section elementor-top-section elementor-element elementor-element-b196742 elementor-section-boxed elementor-section-height-default elementor-section-height-default\" data-id=\"b196742\" data-element_type=\"section\">\n\t\t\t\t\t\t<div class=\"elementor-container elementor-column-gap-default\">\n\t\t\t\t\t<div class=\"elementor-column elementor-col-100 elementor-top-column elementor-element elementor-element-0d9912d\" data-id=\"0d9912d\" data-element_type=\"column\">\n\t\t\t<div class=\"elementor-widget-wrap elementor-element-populated\">\n\t\t\t\t\t\t<div class=\"elementor-element elementor-element-f0ba1e5 elementor-widget elementor-widget-spacer\" data-id=\"f0ba1e5\" data-element_type=\"widget\" data-widget_type=\"spacer.default\">\n\t\t\t\t<div class=\"elementor-widget-container\">\n\t\t\t<style>\/*! elementor - v3.20.0 - 26-03-2024 *\/\n.elementor-column .elementor-spacer-inner{height:var(--spacer-size)}.e-con{--container-widget-width:100%}.e-con-inner>.elementor-widget-spacer,.e-con>.elementor-widget-spacer{width:var(--container-widget-width,var(--spacer-size));--align-self:var(--container-widget-align-self,initial);--flex-shrink:0}.e-con-inner>.elementor-widget-spacer>.elementor-widget-container,.e-con>.elementor-widget-spacer>.elementor-widget-container{height:100%;width:100%}.e-con-inner>.elementor-widget-spacer>.elementor-widget-container>.elementor-spacer,.e-con>.elementor-widget-spacer>.elementor-widget-container>.elementor-spacer{height:100%}.e-con-inner>.elementor-widget-spacer>.elementor-widget-container>.elementor-spacer>.elementor-spacer-inner,.e-con>.elementor-widget-spacer>.elementor-widget-container>.elementor-spacer>.elementor-spacer-inner{height:var(--container-widget-height,var(--spacer-size))}.e-con-inner>.elementor-widget-spacer.elementor-widget-empty,.e-con>.elementor-widget-spacer.elementor-widget-empty{position:relative;min-height:22px;min-width:22px}.e-con-inner>.elementor-widget-spacer.elementor-widget-empty .elementor-widget-empty-icon,.e-con>.elementor-widget-spacer.elementor-widget-empty .elementor-widget-empty-icon{position:absolute;top:0;bottom:0;left:0;right:0;margin:auto;padding:0;width:22px;height:22px}<\/style>\t\t<div class=\"elementor-spacer\">\n\t\t\t<div class=\"elementor-spacer-inner\"><\/div>\n\t\t<\/div>\n\t\t\t\t<\/div>\n\t\t\t\t<\/div>\n\t\t\t\t\t<\/div>\n\t\t<\/div>\n\t\t\t\t\t<\/div>\n\t\t<\/section>\n\t\t\t\t<section class=\"elementor-section elementor-top-section elementor-element elementor-element-ee31dfd elementor-section-boxed elementor-section-height-default elementor-section-height-default\" data-id=\"ee31dfd\" data-element_type=\"section\">\n\t\t\t\t\t\t<div class=\"elementor-container elementor-column-gap-default\">\n\t\t\t\t\t<div class=\"elementor-column elementor-col-100 elementor-top-column elementor-element elementor-element-1106684\" data-id=\"1106684\" data-element_type=\"column\">\n\t\t\t<div class=\"elementor-widget-wrap elementor-element-populated\">\n\t\t\t\t\t\t<div class=\"elementor-element elementor-element-cd7e1c3 elementor-widget elementor-widget-heading\" data-id=\"cd7e1c3\" data-element_type=\"widget\" data-widget_type=\"heading.default\">\n\t\t\t\t<div class=\"elementor-widget-container\">\n\t\t\t<style>\/*! elementor - v3.20.0 - 26-03-2024 *\/\n.elementor-heading-title{padding:0;margin:0;line-height:1}.elementor-widget-heading .elementor-heading-title[class*=elementor-size-]>a{color:inherit;font-size:inherit;line-height:inherit}.elementor-widget-heading .elementor-heading-title.elementor-size-small{font-size:15px}.elementor-widget-heading .elementor-heading-title.elementor-size-medium{font-size:19px}.elementor-widget-heading .elementor-heading-title.elementor-size-large{font-size:29px}.elementor-widget-heading .elementor-heading-title.elementor-size-xl{font-size:39px}.elementor-widget-heading .elementor-heading-title.elementor-size-xxl{font-size:59px}<\/style><h2 class=\"elementor-heading-title elementor-size-default\">KVKK Ayd\u0131nlatma Metni<\/h2>\t\t<\/div>\n\t\t\t\t<\/div>\n\t\t\t\t\t<\/div>\n\t\t<\/div>\n\t\t\t\t\t<\/div>\n\t\t<\/section>\n\t\t\t\t<section class=\"elementor-section elementor-top-section elementor-element elementor-element-c97d6ba elementor-section-boxed elementor-section-height-default elementor-section-height-default\" data-id=\"c97d6ba\" data-element_type=\"section\">\n\t\t\t\t\t\t<div class=\"elementor-container elementor-column-gap-default\">\n\t\t\t\t\t<div class=\"elementor-column elementor-col-100 elementor-top-column elementor-element elementor-element-5d429eb\" data-id=\"5d429eb\" data-element_type=\"column\">\n\t\t\t<div class=\"elementor-widget-wrap elementor-element-populated\">\n\t\t\t\t\t\t<div class=\"elementor-element elementor-element-1f81cde elementor-widget elementor-widget-text-editor\" data-id=\"1f81cde\" data-element_type=\"widget\" data-widget_type=\"text-editor.default\">\n\t\t\t\t<div class=\"elementor-widget-container\">\n\t\t\t<style>\/*! elementor - v3.20.0 - 26-03-2024 *\/\n.elementor-widget-text-editor.elementor-drop-cap-view-stacked .elementor-drop-cap{background-color:#69727d;color:#fff}.elementor-widget-text-editor.elementor-drop-cap-view-framed .elementor-drop-cap{color:#69727d;border:3px solid;background-color:transparent}.elementor-widget-text-editor:not(.elementor-drop-cap-view-default) .elementor-drop-cap{margin-top:8px}.elementor-widget-text-editor:not(.elementor-drop-cap-view-default) .elementor-drop-cap-letter{width:1em;height:1em}.elementor-widget-text-editor .elementor-drop-cap{float:left;text-align:center;line-height:1;font-size:50px}.elementor-widget-text-editor .elementor-drop-cap-letter{display:inline-block}<\/style>\t\t\t\t<div data-framer-name=\"Title\" data-framer-component-type=\"RichTextContainer\">\n<h5 data-styles-preset=\"YAP816Y5n\"><span style=\"font-size: 16px; font-style: inherit; font-weight: inherit; background-color: var(--ast-global-color-4); color: var(--ast-global-color-3);\">En son d\u00fczenlenen tarih<\/span><br><\/h5><\/div><div>\n<div data-framer-name=\"Date\" data-framer-component-type=\"RichTextContainer\">\n<p data-styles-preset=\"puB8kY46u\">23 Mart 2024<\/p>\n<\/div>\n<\/div>\n<div data-framer-name=\"Content\" data-framer-component-type=\"RichTextContainer\">\n<p>Bu ayd\u0131nlatma metni; Momentum Akademi taraf\u0131ndan s\u00fcrd\u00fcr\u00fclen projelere dahil olmak isteyen ger\u00e7ek ki\u015filerin, ba\u015fvuru formu, ileti\u015fim formu, mail vb. ara\u00e7lar \u00fczerinden ki\u015fisel verilerini payla\u015fmas\u0131 halinde i\u015flenen ki\u015fisel verilere ili\u015fkin KVKK uyar\u0131nca ayd\u0131nlatma y\u00fck\u00fcml\u00fcl\u00fc\u011f\u00fcn\u00fc yerine getirmek amac\u0131yla haz\u0131rlanm\u0131\u015ft\u0131r.<\/p>\n<p>Ki\u015fisel verileriniz i\u015flenirken temel hak ve \u00f6zg\u00fcrl\u00fcklerin korunmas\u0131 ba\u015fta olmak \u00fczere \u00f6zel hayata ili\u015fkin gizlili\u011fin korunmas\u0131, bilgi g\u00fcvenli\u011finin sa\u011flanmas\u0131 ve korunmas\u0131, etik de\u011ferlere sayg\u0131 \u00f6ncelikli prensiplerimiz aras\u0131nda yer almaktad\u0131r. 6698 say\u0131l\u0131 Ki\u015fisel Verilerin Korunmas\u0131 Kanunu (\u201cKVKK\u201d) kapsam\u0131nda KVKK\u2019nin 10. maddesinden do\u011fan ayd\u0131nlatma y\u00fck\u00fcml\u00fcl\u00fc\u011f\u00fcn\u00fc yerine getirmek \u00fczere ki\u015fisel verilerinizin i\u015flenmesine ve korunmas\u0131na ili\u015fkin a\u015fa\u011f\u0131daki a\u00e7\u0131klamalar\u0131m\u0131z bilginize sunulmaktad\u0131r. Sizden payla\u015ft\u0131\u011f\u0131m\u0131z ba\u015fvuru formu ve\/veya ileti\u015fim formu kullan\u0131rken talep edilen bilgilerin d\u0131\u015f\u0131nda bize iletti\u011finiz bilgi ve belgelere ili\u015fkin KVKK ve sair mevzuat kapsam\u0131nda herhangi bir sorumlulu\u011fumuz olmayaca\u011f\u0131n\u0131 belirtmek isteriz.<\/p>\n<p><strong>Ki\u015fisel Verilerin \u0130\u015flenme ve Aktar\u0131lma Amac\u0131<\/strong><\/p>\n<p>Bize ula\u015ft\u0131\u011f\u0131n\u0131z i\u00e7in sizinle ileti\u015fime ge\u00e7ilmesi, kanundan kaynaklanan y\u00fck\u00fcml\u00fcl\u00fcklerimizi yerine getirebilmek, s\u00fcre\u00e7 y\u00f6netimimizi planlayabilmek, kurumsal s\u00fcre\u00e7lerimizin hukuka ve politikalar\u0131m\u0131za uygun y\u00fcr\u00fct\u00fclebilmesi amac\u0131yla ba\u015fvuru formunda ve\/veya ileti\u015fim formunda ve bize sundu\u011funuz di\u011fer belgelerdeki a\u015fa\u011f\u0131daki kategorilerde g\u00f6sterilen ki\u015fisel verilerinizi, elektronik ortamda kaydetmekte ve i\u015flemekteyiz.<\/p>\n<p>\u2022 Kimlik Bilgisi (Ad-Soyad)<\/p>\n<p>\u2022 \u0130leti\u015fim (Mail\/Telefon)<\/p>\n<p>\u2022 \u00d6\u011frenim Bilgisi (\u00dcniversite-B\u00f6l\u00fcm)<\/p><p>\u2022 YKS Puan ve S\u0131ralama Bilgisi<br><\/p>\n<p>Bu ki\u015fisel verilerinizi kanundan do\u011fan y\u00fck\u00fcml\u00fcl\u00fcklerimizin ya da i\u015f\/proje faaliyetlerinin y\u00fcr\u00fct\u00fclmesi ve denetimi, organizasyon ve etkinlik y\u00f6netimi, g\u00f6revlendirme s\u00fcre\u00e7lerinin y\u00fcr\u00fct\u00fclmesi, sosyal sorumluluk ve sivil toplum aktivitelerinin y\u00fcr\u00fct\u00fclmesi, stratejik planlama faaliyetlerinin y\u00fcr\u00fct\u00fclmesi, y\u00f6netim faaliyetlerinin y\u00fcr\u00fct\u00fclmesi gibi ama\u00e7larla payla\u015fmak isteriz.<\/p>\n<p>Bu kapsamda;<\/p>\n<p>\u2022 Kimlik bilgileriniz, g\u00f6revlendirme s\u00fcre\u00e7lerinin y\u00fcr\u00fct\u00fclmesi ve i\u015f faaliyetlerinin takip edilmesi amac\u0131yla,<\/p>\n<p>\u2022 \u0130leti\u015fim bilgileriniz, projeler ve \u00e7al\u0131\u015fmalarla ilgili olarak taraf\u0131n\u0131zla ileti\u015fime ge\u00e7ilebilmesi,<\/p>\n<p>\u2022 \u00d6\u011frenim bilgileriniz, projelerin \u00fcniversite bazl\u0131 y\u00fcr\u00fct\u00fclmesi sebebiyle hangi projede yer alman\u0131z\u0131n daha uygun olaca\u011f\u0131n\u0131n de\u011ferlendirilmesi<\/p>\n<p>amac\u0131yla i\u015flenmektedir.<\/p>\n<p>Yukar\u0131daki ama\u00e7lar\u0131n yan\u0131 s\u0131ra ki\u015fisel verileriniz, proje s\u00fcre\u00e7lerimizin verimlili\u011fini sa\u011flayarak, hukuka ve usul\u00fcne uygun y\u00fcr\u00fct\u00fclmesi i\u00e7in ekibimiz ile payla\u015f\u0131labilecektir. Ayr\u0131ca, kanuni y\u00fck\u00fcml\u00fcl\u00fcklerimizin yerine getirilebilmesi i\u00e7in ki\u015fisel verilerinizi resmi merciler ile gerekmesi halinde payla\u015fabiliyoruz.<\/p>\n<p>Ayr\u0131ca E-posta g\u00f6nderimi, faaliyetlerin y\u00fcr\u00fct\u00fclmesinde kullan\u0131lan yaz\u0131l\u0131mlar, online kay\u0131t ve\/veya ba\u015fvuru formu doldurulmas\u0131 gibi durumlarda kullan\u0131lan uygulamalar\u0131n (Gmail, Google Form, Jotform, Typeform vb.) yurt d\u0131\u015f\u0131nda bulunan sunucular\u0131 kullanmas\u0131 halinde yurtd\u0131\u015f\u0131na aktar\u0131labilmektedir. \u0130lgili aktar\u0131mlar ve kapsamlar\u0131na ili\u015fkin olarak s\u00f6z konusu uygulamalar\u0131n ayd\u0131nlatma metinlerini incelemenizi \u00f6neririz.<\/p>\n<p><strong>Ki\u015fisel Verilerin Toplanma Y\u00f6ntemi ve Hukuki Sebebi<\/strong><\/p>\n<p>Ki\u015fisel veriler, ekibimiz taraf\u0131ndan ki\u015fisel veri sahiplerine a\u00e7\u0131k\u00e7a ve anla\u015f\u0131labilir bir \u015fekilde yaz\u0131l\u0131 bilgilendirmede bulunularak, gerekmesi halinde a\u00e7\u0131k r\u0131zalar\u0131 al\u0131narak, hukuka ve d\u00fcr\u00fcstl\u00fck kurallar\u0131na uygun, yukar\u0131da a\u00e7\u0131k\u00e7a belirtilen me\u015fru ama\u00e7la ba\u011flant\u0131l\u0131 ve s\u0131n\u0131rl\u0131 olarak, \u00f6l\u00e7\u00fcl\u00fcl\u00fck prensibi \u00e7er\u00e7evesinde toplanmakta, kullan\u0131lmakta, kaydedilmekte, depolanmakta ve i\u015flenmektedir.<\/p>\n<p>Ki\u015fisel verileriniz, ilgili kanun maddeleri do\u011frultusunda KVKK m. 5\/2\/a uyar\u0131nca i\u015flenmekte ve yukar\u0131da yer alan ki\u015fi ve kurumlara aktar\u0131lmaktad\u0131r. Bunun yan\u0131nda ki\u015fisel verileriniz KVKK m. 5\/2 alt\u0131nda yer alan a\u015fa\u011f\u0131daki hukuki sebepler \u00e7er\u00e7evesinde i\u015flenmekte ve yukar\u0131da yer alan ki\u015fi ve kurumlarla payla\u015f\u0131lmaktad\u0131r:<\/p>\n<p>\u2022 Bir s\u00f6zle\u015fmenin kurulmas\u0131 veya ifas\u0131yla do\u011frudan do\u011fruya ilgili olmas\u0131 kayd\u0131yla, s\u00f6zle\u015fmenin taraflar\u0131na ait ki\u015fisel verilerin i\u015flenmesinin gerekli olmas\u0131.<\/p><p>\u2022 Veri sorumlusunun hukuki y\u00fck\u00fcml\u00fcl\u00fc\u011f\u00fcn\u00fc yerine getirebilmesi i\u00e7in zorunlu olmas\u0131.<\/p>\n<p>\u2022 \u0130lgili ki\u015finin kendisi taraf\u0131ndan alenile\u015ftirilmi\u015f olmas\u0131.<\/p>\n<p>\u2022 Bir hakk\u0131n tesisi, kullan\u0131lmas\u0131 veya korunmas\u0131 i\u00e7in veri i\u015flemenin zorunlu olmas\u0131.<\/p>\n<p>\u2022 \u0130lgili ki\u015finin temel hak ve \u00f6zg\u00fcrl\u00fcklerine zarar vermemek kayd\u0131yla, veri sorumlusunun me\u015fru menfaatleri i\u00e7in veri i\u015flenmesinin zorunlu olmas\u0131.<\/p>\n<p><strong>Ki\u015fisel Verilerin Saklanma S\u00fcresi<\/strong><\/p>\n<p>Ki\u015fisel verileriniz, projeye kat\u0131l\u0131m talebinizin olumlu sonu\u00e7lanmas\u0131 ve\/veya bize iletti\u011finiz proje fikrini de\u011ferlendirmeye karar vermemiz halinde ba\u015fvuru s\u00fcrecinin takibi i\u00e7in proje s\u00fcresince saklanmaya devam edecektir. Projeye kat\u0131l\u0131m talebinizin olumsuz sonu\u00e7lanmas\u0131 ve\/veya bize iletti\u011finiz proje fikrinin olumsuz de\u011ferlendirilmesi halinde ise daha sonra tekrar de\u011ferlendirebilmek amac\u0131yla 6 ay s\u00fcreyle saklanmaya devam edecektir. Her hal\u00fckarda ki\u015fisel verileriniz ilgili yasal mevzuatlarda belirtilen saklama s\u00fcrelerinin sonunda KVKK\u2019ye uygun olarak silinecek, yok edilecek ya da anonim hale getirilecektir.<\/p>\n<p><strong>Ki\u015fisel Verilerin G\u00fcvenli\u011fi<\/strong><\/p>\n<p>Ki\u015fisel verileriniz, i\u015flendikleri ve sakland\u0131klar\u0131 ortamlarda yetkisiz eri\u015fime maruz kalmamalar\u0131, kaybolmamalar\u0131 ve zarar g\u00f6rmemeleri amac\u0131yla, bildirilen ama\u00e7 ve kapsam d\u0131\u015f\u0131nda kullan\u0131lmamak kayd\u0131 ile gerekti\u011finde \u015fifrelenerek, sadece yetkilendirilmi\u015f ki\u015filerin eri\u015febilece\u011fi \u015fekilde ve gerekli di\u011fer t\u00fcm bilgi g\u00fcvenli\u011fi tedbirleri de al\u0131narak i\u015flenmekte ve saklanmaktad\u0131r.<\/p>\n<p>KVKK\u2019nin 11. Maddesi Gere\u011fi Haklar\u0131n\u0131z ve \u0130rtibat Bilgilerimiz<\/p>\n<p>Ki\u015fisel verilerin korunmas\u0131na ili\u015fkin mevzuat kapsam\u0131nda<\/p>\n<p>\u2022 Ki\u015fisel verilerinizin i\u015flenip i\u015flenmedi\u011fini \u00f6\u011frenme, i\u015flenmesi halinde buna ili\u015fkin bilgi talep etme,<\/p>\n<p>\u2022 Ki\u015fisel verilerinizin i\u015flenme amac\u0131n\u0131 ve bunlar\u0131n amac\u0131na uygun kullan\u0131l\u0131p kullan\u0131lmad\u0131\u011f\u0131n\u0131 \u00f6\u011frenme,<\/p>\n<p>\u2022 Yurt i\u00e7inde veya yurt d\u0131\u015f\u0131nda ki\u015fisel verilerinin aktar\u0131ld\u0131\u011f\u0131 \u00fc\u00e7\u00fcnc\u00fc ki\u015fileri bilme,<\/p>\n<p>\u2022 Ki\u015fisel verilerinizin eksik veya yanl\u0131\u015f i\u015flenmi\u015f olmas\u0131 ya da de\u011fi\u015fmesi halinde bunlar\u0131n d\u00fczeltilmesini isteme,<\/p>\n<p>\u2022 KVKK\u2019de \u00f6ng\u00f6r\u00fclen ko\u015fullara uygun olarak ki\u015fisel verilerinizin silinmesini veya yok edilmesini isteme,<\/p>\n<p>\u2022 Eksik veya yanl\u0131\u015f olarak i\u015flenmi\u015f ki\u015fisel verilerinizin d\u00fczeltildi\u011finin ve ki\u015fisel verilerinizin silindi\u011finin yahut yok edildi\u011finin ki\u015fisel verilerinin aktar\u0131ld\u0131\u011f\u0131 \u00fc\u00e7\u00fcnc\u00fc ki\u015filere bildirilmesini isteme,<\/p>\n<p>\u2022 \u0130\u015flenen verilerinizin m\u00fcnhas\u0131ran otomatik sistemler vas\u0131tas\u0131yla analiz edilmesi suretiyle aleyhinize bir sonu\u00e7 ortaya \u00e7\u0131kmas\u0131na itiraz etme,<\/p>\n<p>\u2022 Ki\u015fisel verilerinizin kanuna ayk\u0131r\u0131 olarak i\u015flenmesi sebebiyle zarara u\u011framan\u0131z halinde zarar\u0131n giderilmesini talep etme hakk\u0131n\u0131z bulunmaktad\u0131r<\/p>\n<\/div>\t\t\t\t\t\t<\/div>\n\t\t\t\t<\/div>\n\t\t\t\t\t<\/div>\n\t\t<\/div>\n\t\t\t\t\t<\/div>\n\t\t<\/section>\n\t\t\t\t<\/div>\n\t\t","protected":false},"excerpt":{"rendered":"<p>KVKK Ayd\u0131nlatma Metni En son d\u00fczenlenen tarih 23 Mart 2024 Bu ayd\u0131nlatma metni; Momentum Akademi taraf\u0131ndan s\u00fcrd\u00fcr\u00fclen projelere dahil olmak isteyen ger\u00e7ek ki\u015filerin, ba\u015fvuru formu, ileti\u015fim formu, mail vb. ara\u00e7lar \u00fczerinden ki\u015fisel verilerini payla\u015fmas\u0131 halinde i\u015flenen ki\u015fisel verilere ili\u015fkin KVKK uyar\u0131nca ayd\u0131nlatma y\u00fck\u00fcml\u00fcl\u00fc\u011f\u00fcn\u00fc yerine getirmek amac\u0131yla haz\u0131rlanm\u0131\u015ft\u0131r. Ki\u015fisel verileriniz i\u015flenirken temel hak ve \u00f6zg\u00fcrl\u00fcklerin korunmas\u0131 [&hellip;]<\/p>\n","protected":false},"author":1,"featured_media":0,"parent":0,"menu_order":0,"comment_status":"closed","ping_status":"closed","template":"","meta":{"site-sidebar-layout":"no-sidebar","site-content-layout":"page-builder","ast-site-content-layout":"default","site-content-style":"default","site-sidebar-style":"default","ast-global-header-display":"","ast-banner-title-visibility":"","ast-main-header-display":"","ast-hfb-above-header-display":"","ast-hfb-below-header-display":"","ast-hfb-mobile-header-display":"","site-post-title":"disabled","ast-breadcrumbs-content":"","ast-featured-img":"disabled","footer-sml-layout":"","theme-transparent-header-meta":"","adv-header-id-meta":"","stick-header-meta":"","header-above-stick-meta":"","header-main-stick-meta":"","header-below-stick-meta":"","astra-migrate-meta-layouts":"set","ast-page-background-enabled":"default","ast-page-background-meta":{"desktop":{"background-color":"","background-image":"","background-repeat":"repeat","background-position":"center center","background-size":"auto","background-attachment":"scroll","background-type":"","background-media":"","overlay-type":"","overlay-color":"","overlay-gradient":""},"tablet":{"background-color":"","background-image":"","background-repeat":"repeat","background-position":"center center","background-size":"auto","background-attachment":"scroll","background-type":"","background-media":"","overlay-type":"","overlay-color":"","overlay-gradient":""},"mobile":{"background-color":"","background-image":"","background-repeat":"repeat","background-position":"center center","background-size":"auto","background-attachment":"scroll","background-type":"","background-media":"","overlay-type":"","overlay-color":"","overlay-gradient":""}},"ast-content-background-meta":{"desktop":{"background-color":"var(--ast-global-color-5)","background-image":"","background-repeat":"repeat","background-position":"center center","background-size":"auto","background-attachment":"scroll","background-type":"","background-media":"","overlay-type":"","overlay-color":"","overlay-gradient":""},"tablet":{"background-color":"var(--ast-global-color-5)","background-image":"","background-repeat":"repeat","background-position":"center center","background-size":"auto","background-attachment":"scroll","background-type":"","background-media":"","overlay-type":"","overlay-color":"","overlay-gradient":""},"mobile":{"background-color":"var(--ast-global-color-5)","background-image":"","background-repeat":"repeat","background-position":"center center","background-size":"auto","background-attachment":"scroll","background-type":"","background-media":"","overlay-type":"","overlay-color":"","overlay-gradient":""}},"_joinchat":[],"footnotes":""},"class_list":["post-5175","page","type-page","status-publish","hentry"],"_links":{"self":[{"href":"https:\/\/momentumakademi.net\/index.php?rest_route=\/wp\/v2\/pages\/5175","targetHints":{"allow":["GET"]}}],"collection":[{"href":"https:\/\/momentumakademi.net\/index.php?rest_route=\/wp\/v2\/pages"}],"about":[{"href":"https:\/\/momentumakademi.net\/index.php?rest_route=\/wp\/v2\/types\/page"}],"author":[{"embeddable":true,"href":"https:\/\/momentumakademi.net\/index.php?rest_route=\/wp\/v2\/users\/1"}],"replies":[{"embeddable":true,"href":"https:\/\/momentumakademi.net\/index.php?rest_route=%2Fwp%2Fv2%2Fcomments&post=5175"}],"version-history":[{"count":10,"href":"https:\/\/momentumakademi.net\/index.php?rest_route=\/wp\/v2\/pages\/5175\/revisions"}],"predecessor-version":[{"id":5967,"href":"https:\/\/momentumakademi.net\/index.php?rest_route=\/wp\/v2\/pages\/5175\/revisions\/5967"}],"wp:attachment":[{"href":"https:\/\/momentumakademi.net\/index.php?rest_route=%2Fwp%2Fv2%2Fmedia&parent=5175"}],"curies":[{"name":"wp","href":"https:\/\/api.w.org\/{rel}","templated":true}]}}