{"id":5180,"date":"2024-03-23T21:47:41","date_gmt":"2024-03-23T18:47:41","guid":{"rendered":"https:\/\/momentumakademi.net\/?page_id=5180"},"modified":"2024-05-07T16:02:07","modified_gmt":"2024-05-07T13:02:07","slug":"geri-odeme-ve-iade-politikasi","status":"publish","type":"page","link":"https:\/\/momentumakademi.net\/?page_id=5180","title":{"rendered":"Geri \u00d6deme ve \u0130ade Politikas\u0131"},"content":{"rendered":"\t\t<div data-elementor-type=\"wp-page\" data-elementor-id=\"5180\" class=\"elementor elementor-5180\" data-elementor-post-type=\"page\">\n\t\t\t\t\t\t<section class=\"elementor-section elementor-top-section elementor-element elementor-element-9afc773 elementor-section-boxed elementor-section-height-default elementor-section-height-default\" data-id=\"9afc773\" data-element_type=\"section\">\n\t\t\t\t\t\t<div class=\"elementor-container elementor-column-gap-default\">\n\t\t\t\t\t<div class=\"elementor-column elementor-col-100 elementor-top-column elementor-element elementor-element-ea329c2\" data-id=\"ea329c2\" data-element_type=\"column\">\n\t\t\t<div class=\"elementor-widget-wrap elementor-element-populated\">\n\t\t\t\t\t\t<div class=\"elementor-element elementor-element-2ec6007 elementor-widget elementor-widget-spacer\" data-id=\"2ec6007\" data-element_type=\"widget\" data-widget_type=\"spacer.default\">\n\t\t\t\t<div class=\"elementor-widget-container\">\n\t\t\t<style>\/*! elementor - v3.20.0 - 26-03-2024 *\/\n.elementor-column .elementor-spacer-inner{height:var(--spacer-size)}.e-con{--container-widget-width:100%}.e-con-inner>.elementor-widget-spacer,.e-con>.elementor-widget-spacer{width:var(--container-widget-width,var(--spacer-size));--align-self:var(--container-widget-align-self,initial);--flex-shrink:0}.e-con-inner>.elementor-widget-spacer>.elementor-widget-container,.e-con>.elementor-widget-spacer>.elementor-widget-container{height:100%;width:100%}.e-con-inner>.elementor-widget-spacer>.elementor-widget-container>.elementor-spacer,.e-con>.elementor-widget-spacer>.elementor-widget-container>.elementor-spacer{height:100%}.e-con-inner>.elementor-widget-spacer>.elementor-widget-container>.elementor-spacer>.elementor-spacer-inner,.e-con>.elementor-widget-spacer>.elementor-widget-container>.elementor-spacer>.elementor-spacer-inner{height:var(--container-widget-height,var(--spacer-size))}.e-con-inner>.elementor-widget-spacer.elementor-widget-empty,.e-con>.elementor-widget-spacer.elementor-widget-empty{position:relative;min-height:22px;min-width:22px}.e-con-inner>.elementor-widget-spacer.elementor-widget-empty .elementor-widget-empty-icon,.e-con>.elementor-widget-spacer.elementor-widget-empty .elementor-widget-empty-icon{position:absolute;top:0;bottom:0;left:0;right:0;margin:auto;padding:0;width:22px;height:22px}<\/style>\t\t<div class=\"elementor-spacer\">\n\t\t\t<div class=\"elementor-spacer-inner\"><\/div>\n\t\t<\/div>\n\t\t\t\t<\/div>\n\t\t\t\t<\/div>\n\t\t\t\t<div class=\"elementor-element elementor-element-7cc9692 elementor-widget elementor-widget-heading\" data-id=\"7cc9692\" data-element_type=\"widget\" data-widget_type=\"heading.default\">\n\t\t\t\t<div class=\"elementor-widget-container\">\n\t\t\t<style>\/*! elementor - v3.20.0 - 26-03-2024 *\/\n.elementor-heading-title{padding:0;margin:0;line-height:1}.elementor-widget-heading .elementor-heading-title[class*=elementor-size-]>a{color:inherit;font-size:inherit;line-height:inherit}.elementor-widget-heading .elementor-heading-title.elementor-size-small{font-size:15px}.elementor-widget-heading .elementor-heading-title.elementor-size-medium{font-size:19px}.elementor-widget-heading .elementor-heading-title.elementor-size-large{font-size:29px}.elementor-widget-heading .elementor-heading-title.elementor-size-xl{font-size:39px}.elementor-widget-heading .elementor-heading-title.elementor-size-xxl{font-size:59px}<\/style><h2 class=\"elementor-heading-title elementor-size-default\">Geri \u00d6deme ve \u0130ade Politikas\u0131<\/h2>\t\t<\/div>\n\t\t\t\t<\/div>\n\t\t\t\t\t<\/div>\n\t\t<\/div>\n\t\t\t\t\t<\/div>\n\t\t<\/section>\n\t\t\t\t<section class=\"elementor-section elementor-top-section elementor-element elementor-element-51e5ef4 elementor-section-boxed elementor-section-height-default elementor-section-height-default\" data-id=\"51e5ef4\" data-element_type=\"section\">\n\t\t\t\t\t\t<div class=\"elementor-container elementor-column-gap-default\">\n\t\t\t\t\t<div class=\"elementor-column elementor-col-100 elementor-top-column elementor-element elementor-element-722456c\" data-id=\"722456c\" data-element_type=\"column\">\n\t\t\t<div class=\"elementor-widget-wrap elementor-element-populated\">\n\t\t\t\t\t\t<div class=\"elementor-element elementor-element-32e79c8 elementor-widget elementor-widget-text-editor\" data-id=\"32e79c8\" data-element_type=\"widget\" data-widget_type=\"text-editor.default\">\n\t\t\t\t<div class=\"elementor-widget-container\">\n\t\t\t<style>\/*! elementor - v3.20.0 - 26-03-2024 *\/\n.elementor-widget-text-editor.elementor-drop-cap-view-stacked .elementor-drop-cap{background-color:#69727d;color:#fff}.elementor-widget-text-editor.elementor-drop-cap-view-framed .elementor-drop-cap{color:#69727d;border:3px solid;background-color:transparent}.elementor-widget-text-editor:not(.elementor-drop-cap-view-default) .elementor-drop-cap{margin-top:8px}.elementor-widget-text-editor:not(.elementor-drop-cap-view-default) .elementor-drop-cap-letter{width:1em;height:1em}.elementor-widget-text-editor .elementor-drop-cap{float:left;text-align:center;line-height:1;font-size:50px}.elementor-widget-text-editor .elementor-drop-cap-letter{display:inline-block}<\/style>\t\t\t\t<h3>Kullan\u0131m \u015eartlar\u0131<\/h3><p><strong>Mesafeli Sat\u0131\u015f S\u00f6zle\u015fmesi<\/strong><\/p><p><strong>\u00d6NEML\u0130:<\/strong><\/p><p><em>Bu hizmeti ilk defa kullanmadan \u00f6nce Mesafeli Sat\u0131\u015f S\u00f6zle\u015fmesinin tamam\u0131n\u0131 dikkatle okuyunuz.<\/em><\/p><p><em>Son KULLANICI, S\u00f6zle\u015fme konusu dijital \u00fcr\u00fcn\u00fcn ilk kullan\u0131m\u0131ndan veya \u00e7al\u0131\u015ft\u0131rmas\u0131ndan itibaren i\u015fbu S\u00f6zle\u015fmede ge\u00e7en anla\u015fma ko\u015fullar\u0131yla ba\u011fl\u0131 oldu\u011funu, bu ko\u015fullar\u0131 ba\u015fka bir ihbara gerek kalmadan okumu\u015f ve kabul etmi\u015f say\u0131l\u0131r. \u0130\u015fbu h\u00fck\u00fcmleri kabul etmemesi halinde SON KULLANICI, s\u00f6zle\u015fme konusu \u00fcr\u00fcn ve hizmetten yararlanamaz, dijital i\u00e7erikleri izleyemez, dersleri takip edemez ve kullanamaz. Bu ko\u015fullar d\u0131\u015f\u0131ndaki kullan\u0131m halleri SATICI telif haklar\u0131n\u0131n ihlali olarak nitelendirilecektir.<\/em><\/p><p><em>S\u00f6zle\u015fme konusu hizmetle ilgili t\u00fcm fikri ve s\u0131nai Momentum Akademi&#8217;ye aittir. momentumakademi.net adresimizde yer alan herhangi bir dijital i\u00e7eri\u011fin izinsiz olarak kullan\u0131lmas\u0131, \u00e7o\u011falt\u0131lmas\u0131, yay\u0131lmas\u0131, sat\u0131\u015fa sunulmas\u0131 ve benzeri durumlarda ilgili ki\u015fi veya ki\u015filer hakk\u0131nda hukuki ve cezai yapt\u0131r\u0131mlara ba\u015fvurulacakt\u0131r.<\/em><\/p><p><strong>1. KONU<\/strong><\/p><p>\u0130\u015fbu S\u00f6zle\u015fme\u2019nin konusu; ALICI\u2019 n\u0131n, SATICI\u2019 ya ait aktifzeka.com web sitesinden elektronik ortamda sat\u0131n ald\u0131\u011f\u0131, i\u015fbu S\u00f6zle\u015fme\u2019 de ve \u00d6n Bilgilendirme Formu\u2019 nda bahsi ge\u00e7en nitelikleri ta\u015f\u0131yan, madde 3.\u2019te belirtilen, \u00dcr\u00fcn\u2019\u00fcn sat\u0131\u015f\u0131 ile ilgili olarak 6502 say\u0131l\u0131 T\u00fcketicinin Korunmas\u0131 Hakk\u0131nda Kanun ve Mesafeli S\u00f6zle\u015fmeler Y\u00f6netmeli\u011fi h\u00fck\u00fcmleri gere\u011fince taraflar\u0131n hak ve y\u00fck\u00fcml\u00fcl\u00fcklerinin saptanmas\u0131d\u0131r.<\/p><p>ALICI, sat\u0131\u015fa konu \u00dcr\u00fcn\u2019\u00fcn temel nitelikleri, sat\u0131\u015f fiyat\u0131, \u00f6deme \u015fekli gibi \u00dcr\u00fcn ile ilgili t\u00fcm \u00f6n bilgiler konusunda bilgi sahibi oldu\u011funu, bu \u00f6n bilgileri elektronik ortamda onaylad\u0131\u011f\u0131n\u0131 ve sonras\u0131nda elektronik ortamda \u00dcr\u00fcn\u2019\u00fc sat\u0131n ald\u0131\u011f\u0131n\u0131 i\u015fbu S\u00f6zle\u015fme h\u00fck\u00fcmlerince kabul ve beyan eder. \u00d6n Bilgilendirme Formu, \u00dcr\u00fcn\u2019e ili\u015fkin Son Kullan\u0131c\u0131 Lisans S\u00f6zle\u015fmesi ve ALICI ad\u0131na g\u00f6nderilecek \u00dcr\u00fcn\u2019\u00fcn bedelini i\u00e7erir fatura i\u015fbu S\u00f6zle\u015fme\u2019nin ayr\u0131lmaz par\u00e7as\u0131d\u0131r<strong>.<\/strong><\/p><p><strong>2. TARAFLAR VE TANIMLAR<\/strong><\/p><ol><li><strong>SATICI<\/strong><\/li><\/ol><p>Momentum Akademi (\u201cSATICI\u201d)<\/p><p>E-mail: momentumakademi2025@gmail.com<\/p><ol><li><strong>ALICI<\/strong><\/li><\/ol><p>Ad\u0131 ve Soyad\u0131: (Nihai Kullan\u0131c\u0131 Ad\u0131 Soyad\u0131)<\/p><ol><li><strong>KULLANICI<\/strong><\/li><\/ol><p>ALICI ya da ALICI\u2019 n\u0131n bildirdi\u011fi, \u0130\u015fbu S\u00f6zle\u015fme konusu online e\u011fitim hizmetleri i\u00e7eren kay\u0131tl\u0131 dijital i\u00e7eri\u011fi kullanan ki\u015fidir. KULLANICI\u2019 n\u0131n s\u0131n\u0131rl\u0131 ehliyetsiz (ergin olmayan \u00e7ocuk) olmas\u0131 halinde; Mesafeli Sat\u0131\u015f S\u00f6zle\u015fmesinin onaylanmas\u0131 ile KULLANICI velisinin\/vasisinin, KULLANICI\u2019 n\u0131n i\u015fbu s\u00f6zle\u015fmenin ayr\u0131lmaz par\u00e7as\u0131 olan Son Kullan\u0131c\u0131 Lisans S\u00f6zle\u015fmesinin taraf\u0131 haline gelmesine icazet verdi\u011fi kabul edilir.<\/p><ol><li><strong>S\u00d6ZLE\u015eME KONUSU \u00dcR\u00dcN B\u0130LG\u0130LER\u0130<\/strong><\/li><\/ol><ol><li>ALICI, i\u015fbu Mesafeli Sat\u0131\u015f S\u00f6zle\u015fmesi\u2019nde (\u201cS\u00f6zle\u015fme\u201d) ve \u00d6n Bilgilendirme Formu\u2019 nda \u00f6zellikleri detayl\u0131 olarak belirtilen \u00f6zg\u00fcn ve kay\u0131tl\u0131 dijital i\u00e7erik (\u201c\u00dcR\u00dcN\u201d), e\u011fitim hizmetlerini i\u00e7ermektedir.<\/li><li>Sat\u0131n al\u0131nan \u00dcr\u00fcn\u2019\u00fcn di\u011fer \u00f6zellikleri ve kullan\u0131m ko\u015fullar\u0131 momentumakademi.net web sitesinde yer alan bilgilerde ve i\u015fbu S\u00f6zle\u015fme\u2019nin ayr\u0131lmaz par\u00e7as\u0131 say\u0131lan \u00d6n Bilgilendirme Formu\u2019 nda ve Son Kullan\u0131c\u0131 Lisans S\u00f6zle\u015fmesinde detayl\u0131 olarak belirtilmi\u015ftir.<\/li><\/ol><ol><li><strong>\u00dcR\u00dcN\u00dcN BEDEL\u0130 VE \u00d6DEME Y\u00d6NTEMLER\u0130<\/strong><\/li><\/ol><ol><li>Paket i\u00e7erisinde belirtilen s\u00fcre i\u00e7in \u00fcr\u00fcn bedeli pe\u015fin olarak (\u201c\u00dcr\u00fcn, Bedeli\u201d). \u00dcr\u00fcn Bedeli, t\u00fcm vergileri kapsar. \u00d6deme, a\u015fa\u011f\u0131da belirtilen y\u00f6ntemlerden biri ile yap\u0131labilecektir:<\/li><\/ol><ul><li>Havale\/Eft Yolu ile \u00d6deme: \u00d6deme, SATICI\u2019n\u0131n momentumakademi.net sayfas\u0131nda sat\u0131n al\u0131nmak istenen \u00dcr\u00fcn\u2019 \u00fcn \u201cHavale\/EFT ile \u00d6demek \u0130\u00e7in\u201d \u00f6deme y\u00f6nteminin se\u00e7ilerek sat\u0131n alman\u0131n devam ettirilmesidir. \u00d6deme i\u015flemini tamamlamak i\u00e7in belirtti\u011finiz e-mail adresinize g\u00f6nderilen banka hesap numaralar\u0131m\u0131zdan birine 5 g\u00fcn i\u00e7erisinde \u00f6deme yapman\u0131z gerekmektedir. Havale\/EFT yolu ile \u00f6deme s\u0131ras\u0131nda \u00f6deme a\u00e7\u0131klamas\u0131na, \u201cHavale\/EFT ile \u00d6demek \u0130\u00e7in\u201d butonunu t\u0131klad\u0131\u011f\u0131n\u0131zda size \u00f6zel olu\u015fturulan referans numaras\u0131n\u0131 yazman\u0131z gereklidir. Bu \u00f6deme y\u00f6nteminin se\u00e7ilmesi halinde, \u00f6deme sa\u011flay\u0131c\u0131 kurulu\u015flar taraf\u0131ndan ilgili \u00f6deme i\u00e7in havale veya EFT masraflar\u0131 ALICI\u2019 ya yans\u0131t\u0131labilir. B\u00f6yle bir durumda, SATICI\u2019 n\u0131n ilgili havale veya EFT masraflar\u0131ndan sorumlulu\u011fu yoktur.<\/li><\/ul><p>-\u00d6deme s\u0131ras\u0131nda ALICI taraf\u0131ndan yap\u0131labilecek hatalar nedeni ile \u00f6demede \u00e7\u0131kabilecek aksakl\u0131klardan SATICI sorumlu de\u011fildir.<\/p><ol><li>\u0130nternet \u00fczerinden kredi kart\u0131 ile yap\u0131lan \u00f6demelerin bedelleri \u00fcyenin kredi kart\u0131ndan otomatik olarak \u00e7ekilir. \u00d6deme i\u015flemi onayland\u0131ktan sonra e\u011fitimler kullan\u0131ma a\u00e7\u0131l\u0131r. ALICI Havale\/Eft ile \u00f6demeyi ger\u00e7ekle\u015ftirdi\u011finde, e\u011fitim \u00fccretinin hesaba ge\u00e7mesinin ard\u0131ndan 24 saat i\u00e7erisinde \u00dcR\u00dcN, KULLANICI\u2019 n\u0131n eri\u015fimine online a\u00e7\u0131l\u0131r. momentumakademi.net e\u011fitim sitesi indirim veya art\u0131r\u0131m \u00fccret uygulamas\u0131n\u0131 d\u00f6neme g\u00f6re de\u011fi\u015ftirme hakk\u0131na sahiptir<\/li><\/ol><p><strong>\u0130ADE (CAYMA) HAKKI<\/strong><\/p><p>\u0130\u015fbu S\u00f6zle\u015fme konusu \u00dcR\u00dcN, online ve kay\u0131tl\u0131 e\u011fitim hizmetlerini i\u00e7eren dijital i\u00e7eriktir. Bu bak\u0131mdan, 6502 say\u0131l\u0131 T\u00fcketicinin Korunmas\u0131 Hakk\u0131nda Kanun\u2019 a dayanarak haz\u0131rlanan Mesafeli S\u00f6zle\u015fmeler Y\u00f6netmeli\u011fi\u2019nin 15\/\u011f Maddesi uyar\u0131nca \u201celektronik ortamda an\u0131nda ifa edilen hizmetler veya t\u00fcketiciye an\u0131nda teslim edilen gayrimaddi mallara ili\u015fkin s\u00f6zle\u015fmeler\u201d kapsam\u0131nda kalmas\u0131 sebebiyle ALICI\u2019 n\u0131n\u00a0 <u>cayma hakk\u0131 bulunmamaktad\u0131r.<\/u><\/p>\t\t\t\t\t\t<\/div>\n\t\t\t\t<\/div>\n\t\t\t\t\t<\/div>\n\t\t<\/div>\n\t\t\t\t\t<\/div>\n\t\t<\/section>\n\t\t\t\t<section class=\"elementor-section elementor-top-section elementor-element elementor-element-f081fa8 elementor-section-boxed elementor-section-height-default elementor-section-height-default\" data-id=\"f081fa8\" data-element_type=\"section\">\n\t\t\t\t\t\t<div class=\"elementor-container elementor-column-gap-default\">\n\t\t\t\t\t<div class=\"elementor-column elementor-col-100 elementor-top-column elementor-element elementor-element-65905e1\" data-id=\"65905e1\" data-element_type=\"column\">\n\t\t\t<div class=\"elementor-widget-wrap\">\n\t\t\t\t\t\t\t<\/div>\n\t\t<\/div>\n\t\t\t\t\t<\/div>\n\t\t<\/section>\n\t\t\t\t<\/div>\n\t\t","protected":false},"excerpt":{"rendered":"<p>Geri \u00d6deme ve \u0130ade Politikas\u0131 Kullan\u0131m \u015eartlar\u0131 Mesafeli Sat\u0131\u015f S\u00f6zle\u015fmesi \u00d6NEML\u0130: Bu hizmeti ilk defa kullanmadan \u00f6nce Mesafeli Sat\u0131\u015f S\u00f6zle\u015fmesinin tamam\u0131n\u0131 dikkatle okuyunuz. Son KULLANICI, S\u00f6zle\u015fme konusu dijital \u00fcr\u00fcn\u00fcn ilk kullan\u0131m\u0131ndan veya \u00e7al\u0131\u015ft\u0131rmas\u0131ndan itibaren i\u015fbu S\u00f6zle\u015fmede ge\u00e7en anla\u015fma ko\u015fullar\u0131yla ba\u011fl\u0131 oldu\u011funu, bu ko\u015fullar\u0131 ba\u015fka bir ihbara gerek kalmadan okumu\u015f ve kabul etmi\u015f say\u0131l\u0131r. \u0130\u015fbu h\u00fck\u00fcmleri [&hellip;]<\/p>\n","protected":false},"author":1,"featured_media":0,"parent":0,"menu_order":0,"comment_status":"closed","ping_status":"closed","template":"","meta":{"site-sidebar-layout":"no-sidebar","site-content-layout":"page-builder","ast-site-content-layout":"default","site-content-style":"default","site-sidebar-style":"default","ast-global-header-display":"","ast-banner-title-visibility":"","ast-main-header-display":"","ast-hfb-above-header-display":"","ast-hfb-below-header-display":"","ast-hfb-mobile-header-display":"","site-post-title":"disabled","ast-breadcrumbs-content":"","ast-featured-img":"disabled","footer-sml-layout":"","theme-transparent-header-meta":"","adv-header-id-meta":"","stick-header-meta":"","header-above-stick-meta":"","header-main-stick-meta":"","header-below-stick-meta":"","astra-migrate-meta-layouts":"set","ast-page-background-enabled":"default","ast-page-background-meta":{"desktop":{"background-color":"","background-image":"","background-repeat":"repeat","background-position":"center center","background-size":"auto","background-attachment":"scroll","background-type":"","background-media":"","overlay-type":"","overlay-color":"","overlay-gradient":""},"tablet":{"background-color":"","background-image":"","background-repeat":"repeat","background-position":"center center","background-size":"auto","background-attachment":"scroll","background-type":"","background-media":"","overlay-type":"","overlay-color":"","overlay-gradient":""},"mobile":{"background-color":"","background-image":"","background-repeat":"repeat","background-position":"center center","background-size":"auto","background-attachment":"scroll","background-type":"","background-media":"","overlay-type":"","overlay-color":"","overlay-gradient":""}},"ast-content-background-meta":{"desktop":{"background-color":"var(--ast-global-color-5)","background-image":"","background-repeat":"repeat","background-position":"center center","background-size":"auto","background-attachment":"scroll","background-type":"","background-media":"","overlay-type":"","overlay-color":"","overlay-gradient":""},"tablet":{"background-color":"var(--ast-global-color-5)","background-image":"","background-repeat":"repeat","background-position":"center center","background-size":"auto","background-attachment":"scroll","background-type":"","background-media":"","overlay-type":"","overlay-color":"","overlay-gradient":""},"mobile":{"background-color":"var(--ast-global-color-5)","background-image":"","background-repeat":"repeat","background-position":"center center","background-size":"auto","background-attachment":"scroll","background-type":"","background-media":"","overlay-type":"","overlay-color":"","overlay-gradient":""}},"_joinchat":[],"footnotes":""},"class_list":["post-5180","page","type-page","status-publish","hentry"],"_links":{"self":[{"href":"https:\/\/momentumakademi.net\/index.php?rest_route=\/wp\/v2\/pages\/5180","targetHints":{"allow":["GET"]}}],"collection":[{"href":"https:\/\/momentumakademi.net\/index.php?rest_route=\/wp\/v2\/pages"}],"about":[{"href":"https:\/\/momentumakademi.net\/index.php?rest_route=\/wp\/v2\/types\/page"}],"author":[{"embeddable":true,"href":"https:\/\/momentumakademi.net\/index.php?rest_route=\/wp\/v2\/users\/1"}],"replies":[{"embeddable":true,"href":"https:\/\/momentumakademi.net\/index.php?rest_route=%2Fwp%2Fv2%2Fcomments&post=5180"}],"version-history":[{"count":16,"href":"https:\/\/momentumakademi.net\/index.php?rest_route=\/wp\/v2\/pages\/5180\/revisions"}],"predecessor-version":[{"id":5952,"href":"https:\/\/momentumakademi.net\/index.php?rest_route=\/wp\/v2\/pages\/5180\/revisions\/5952"}],"wp:attachment":[{"href":"https:\/\/momentumakademi.net\/index.php?rest_route=%2Fwp%2Fv2%2Fmedia&parent=5180"}],"curies":[{"name":"wp","href":"https:\/\/api.w.org\/{rel}","templated":true}]}}