{"id":4643,"date":"2023-08-17T13:50:27","date_gmt":"2023-08-17T10:50:27","guid":{"rendered":"http:\/\/momentumakademi.net\/?post_type=product&#038;p=4643"},"modified":"2026-03-05T14:53:00","modified_gmt":"2026-03-05T11:53:00","slug":"tyt-biyoloji-derece-notu","status":"publish","type":"product","link":"https:\/\/momentumakademi.net\/?product=tyt-biyoloji-derece-notu","title":{"rendered":"TYT Biyoloji Derece Notu"},"content":{"rendered":"","protected":false},"excerpt":{"rendered":"<h5>\u00dcr\u00fcn tamamen dijital olup sat\u0131n alma i\u015fleminden hemen sonra taraf\u0131n\u0131za iletilecektir.<\/h5>\n<p>&nbsp;<\/p>\n<p><b>\u2022<\/b> %100 MEB Kitab\u0131 ile uyumlu<\/p>\n<p>\u2022 \u00d6\u011frenci dili ile ak\u0131lda kal\u0131c\u0131 anlat\u0131m<\/p>\n<p>\u2022 Unutulan dip k\u00f6\u015fe bilgiler<\/p>\n","protected":false},"featured_media":4462,"template":"","meta":{"site-sidebar-layout":"default","site-content-layout":"","ast-site-content-layout":"default","site-content-style":"default","site-sidebar-style":"default","ast-global-header-display":"","ast-banner-title-visibility":"","ast-main-header-display":"","ast-hfb-above-header-display":"","ast-hfb-below-header-display":"","ast-hfb-mobile-header-display":"","site-post-title":"","ast-breadcrumbs-content":"","ast-featured-img":"","footer-sml-layout":"","theme-transparent-header-meta":"default","adv-header-id-meta":"","stick-header-meta":"","header-above-stick-meta":"","header-main-stick-meta":"","header-below-stick-meta":"","astra-migrate-meta-layouts":"set","ast-page-background-enabled":"default","ast-page-background-meta":{"desktop":{"background-color":"","background-image":"","background-repeat":"repeat","background-position":"center center","background-size":"auto","background-attachment":"scroll","background-type":"","background-media":"","overlay-type":"","overlay-color":"","overlay-gradient":""},"tablet":{"background-color":"","background-image":"","background-repeat":"repeat","background-position":"center center","background-size":"auto","background-attachment":"scroll","background-type":"","background-media":"","overlay-type":"","overlay-color":"","overlay-gradient":""},"mobile":{"background-color":"","background-image":"","background-repeat":"repeat","background-position":"center center","background-size":"auto","background-attachment":"scroll","background-type":"","background-media":"","overlay-type":"","overlay-color":"","overlay-gradient":""}},"ast-content-background-meta":{"desktop":{"background-color":"var(--ast-global-color-5)","background-image":"","background-repeat":"repeat","background-position":"center center","background-size":"auto","background-attachment":"scroll","background-type":"","background-media":"","overlay-type":"","overlay-color":"","overlay-gradient":""},"tablet":{"background-color":"var(--ast-global-color-5)","background-image":"","background-repeat":"repeat","background-position":"center center","background-size":"auto","background-attachment":"scroll","background-type":"","background-media":"","overlay-type":"","overlay-color":"","overlay-gradient":""},"mobile":{"background-color":"var(--ast-global-color-5)","background-image":"","background-repeat":"repeat","background-position":"center center","background-size":"auto","background-attachment":"scroll","background-type":"","background-media":"","overlay-type":"","overlay-color":"","overlay-gradient":""}},"_joinchat":[]},"product_cat":[59],"product_tag":[],"class_list":{"0":"post-4643","1":"product","2":"type-product","3":"status-publish","4":"has-post-thumbnail","6":"product_cat-dijital-urunler","7":"desktop-align-left","8":"tablet-align-left","9":"mobile-align-left","11":"first","12":"instock","13":"sale","14":"downloadable","15":"virtual","16":"sold-individually","17":"purchasable","18":"product-type-simple"},"_links":{"self":[{"href":"https:\/\/momentumakademi.net\/index.php?rest_route=\/wp\/v2\/product\/4643","targetHints":{"allow":["GET"]}}],"collection":[{"href":"https:\/\/momentumakademi.net\/index.php?rest_route=\/wp\/v2\/product"}],"about":[{"href":"https:\/\/momentumakademi.net\/index.php?rest_route=\/wp\/v2\/types\/product"}],"version-history":[{"count":5,"href":"https:\/\/momentumakademi.net\/index.php?rest_route=\/wp\/v2\/product\/4643\/revisions"}],"predecessor-version":[{"id":4855,"href":"https:\/\/momentumakademi.net\/index.php?rest_route=\/wp\/v2\/product\/4643\/revisions\/4855"}],"wp:featuredmedia":[{"embeddable":true,"href":"https:\/\/momentumakademi.net\/index.php?rest_route=\/wp\/v2\/media\/4462"}],"wp:attachment":[{"href":"https:\/\/momentumakademi.net\/index.php?rest_route=%2Fwp%2Fv2%2Fmedia&parent=4643"}],"wp:term":[{"taxonomy":"product_cat","embeddable":true,"href":"https:\/\/momentumakademi.net\/index.php?rest_route=%2Fwp%2Fv2%2Fproduct_cat&post=4643"},{"taxonomy":"product_tag","embeddable":true,"href":"https:\/\/momentumakademi.net\/index.php?rest_route=%2Fwp%2Fv2%2Fproduct_tag&post=4643"}],"curies":[{"name":"wp","href":"https:\/\/api.w.org\/{rel}","templated":true}]}}