{"id":4754,"date":"2023-08-18T23:24:03","date_gmt":"2023-08-18T20:24:03","guid":{"rendered":"http:\/\/momentumakademi.net\/?post_type=product&#038;p=4754"},"modified":"2026-03-05T14:52:19","modified_gmt":"2026-03-05T11:52:19","slug":"2026ya-kadar-kocluk","status":"publish","type":"product","link":"https:\/\/momentumakademi.net\/?product=2026ya-kadar-kocluk","title":{"rendered":"YKS 2026&#8217;e Kadar Ko\u00e7luk"},"content":{"rendered":"","protected":false},"excerpt":{"rendered":"<h5>Paketi sat\u0131n ald\u0131ktan en fazla 24 saat sonra sizinle ileti\u015fime ge\u00e7ilecektir.<\/h5>\n<p>&nbsp;<\/p>\n","protected":false},"featured_media":4751,"template":"","meta":{"site-sidebar-layout":"no-sidebar","site-content-layout":"page-builder","ast-site-content-layout":"default","site-content-style":"default","site-sidebar-style":"default","ast-global-header-display":"","ast-banner-title-visibility":"","ast-main-header-display":"","ast-hfb-above-header-display":"","ast-hfb-below-header-display":"","ast-hfb-mobile-header-display":"","site-post-title":"disabled","ast-breadcrumbs-content":"","ast-featured-img":"disabled","footer-sml-layout":"","theme-transparent-header-meta":"default","adv-header-id-meta":"","stick-header-meta":"","header-above-stick-meta":"","header-main-stick-meta":"","header-below-stick-meta":"","astra-migrate-meta-layouts":"set","ast-page-background-enabled":"default","ast-page-background-meta":{"desktop":{"background-color":"","background-image":"","background-repeat":"repeat","background-position":"center center","background-size":"auto","background-attachment":"scroll","background-type":"","background-media":"","overlay-type":"","overlay-color":"","overlay-gradient":""},"tablet":{"background-color":"","background-image":"","background-repeat":"repeat","background-position":"center center","background-size":"auto","background-attachment":"scroll","background-type":"","background-media":"","overlay-type":"","overlay-color":"","overlay-gradient":""},"mobile":{"background-color":"","background-image":"","background-repeat":"repeat","background-position":"center center","background-size":"auto","background-attachment":"scroll","background-type":"","background-media":"","overlay-type":"","overlay-color":"","overlay-gradient":""}},"ast-content-background-meta":{"desktop":{"background-color":"var(--ast-global-color-5)","background-image":"","background-repeat":"repeat","background-position":"center center","background-size":"auto","background-attachment":"scroll","background-type":"","background-media":"","overlay-type":"","overlay-color":"","overlay-gradient":""},"tablet":{"background-color":"var(--ast-global-color-5)","background-image":"","background-repeat":"repeat","background-position":"center center","background-size":"auto","background-attachment":"scroll","background-type":"","background-media":"","overlay-type":"","overlay-color":"","overlay-gradient":""},"mobile":{"background-color":"var(--ast-global-color-5)","background-image":"","background-repeat":"repeat","background-position":"center center","background-size":"auto","background-attachment":"scroll","background-type":"","background-media":"","overlay-type":"","overlay-color":"","overlay-gradient":""}},"_joinchat":{"view":"yes"}},"product_cat":[62],"product_tag":[],"class_list":{"0":"post-4754","1":"product","2":"type-product","3":"status-publish","4":"has-post-thumbnail","6":"product_cat-kocluk","7":"desktop-align-left","8":"tablet-align-left","9":"mobile-align-left","11":"first","12":"instock","13":"virtual","14":"sold-individually","15":"purchasable","16":"product-type-simple"},"_links":{"self":[{"href":"https:\/\/momentumakademi.net\/index.php?rest_route=\/wp\/v2\/product\/4754","targetHints":{"allow":["GET"]}}],"collection":[{"href":"https:\/\/momentumakademi.net\/index.php?rest_route=\/wp\/v2\/product"}],"about":[{"href":"https:\/\/momentumakademi.net\/index.php?rest_route=\/wp\/v2\/types\/product"}],"version-history":[{"count":8,"href":"https:\/\/momentumakademi.net\/index.php?rest_route=\/wp\/v2\/product\/4754\/revisions"}],"predecessor-version":[{"id":6072,"href":"https:\/\/momentumakademi.net\/index.php?rest_route=\/wp\/v2\/product\/4754\/revisions\/6072"}],"wp:featuredmedia":[{"embeddable":true,"href":"https:\/\/momentumakademi.net\/index.php?rest_route=\/wp\/v2\/media\/4751"}],"wp:attachment":[{"href":"https:\/\/momentumakademi.net\/index.php?rest_route=%2Fwp%2Fv2%2Fmedia&parent=4754"}],"wp:term":[{"taxonomy":"product_cat","embeddable":true,"href":"https:\/\/momentumakademi.net\/index.php?rest_route=%2Fwp%2Fv2%2Fproduct_cat&post=4754"},{"taxonomy":"product_tag","embeddable":true,"href":"https:\/\/momentumakademi.net\/index.php?rest_route=%2Fwp%2Fv2%2Fproduct_tag&post=4754"}],"curies":[{"name":"wp","href":"https:\/\/api.w.org\/{rel}","templated":true}]}}